{"id":54849,"date":"2017-03-24T09:59:42","date_gmt":"2017-03-24T08:59:42","guid":{"rendered":"http:\/\/www.steuerkanzlei-spring.com\/17\/?page_id=54849"},"modified":"2025-02-11T12:10:21","modified_gmt":"2025-02-11T11:10:21","slug":"karriere","status":"publish","type":"page","link":"https:\/\/www.steuerkanzlei-spring.com\/17\/karriere\/","title":{"rendered":"Karriere"},"content":{"rendered":"<div class=\"wpb-content-wrapper\"><p>[vc_row row_height_percent=&#8220;20&#8243; override_padding=&#8220;yes&#8220; h_padding=&#8220;2&#8243; top_padding=&#8220;3&#8243; bottom_padding=&#8220;3&#8243; overlay_alpha=&#8220;50&#8243; equal_height=&#8220;yes&#8220; gutter_size=&#8220;3&#8243; border_color=&#8220;color-gyho&#8220; border_style=&#8220;solid&#8220; shift_y=&#8220;0&#8243; css=&#8220;.vc_custom_1489497875399{border-bottom-width: 1px !important;}&#8220;][vc_column column_width_percent=&#8220;100&#8243; position_horizontal=&#8220;left&#8220; gutter_size=&#8220;3&#8243; overlay_alpha=&#8220;50&#8243; shift_x=&#8220;0&#8243; shift_y=&#8220;0&#8243; z_index=&#8220;0&#8243; medium_width=&#8220;3&#8243; zoom_width=&#8220;0&#8243; zoom_height=&#8220;0&#8243; width=&#8220;1\/2&#8243;][vc_column_text uncode_shortcode_id=&#8220;149082&#8243;]<\/p>\n<h3>STEUERFACHANGESTELLTE \/<br \/>\nSTEUERFACHWIRTE \/<br \/>\nBILANZBUCHHALTER (M\/W\/D)<\/h3>\n<h4>Unsere Erwartungen<\/h4>\n<p>Sie haben Ihre Ausbildung gut abgeschlossen und schon Erfahrung in unserem Beruf. DATEV Kenntnisse w\u00fcrden Ihnen den Einstieg erleichtern. Kontaktfreudigkeit und der sichere Umgang mit Mandanten setzen wir voraus. Wir legen ebenfalls Wert auf eine kontinuierliche Fortbildung und Weiterentwicklung.<\/p>\n<h4>Sie k\u00f6nnen sich freuen<\/h4>\n<p>auf einen modernen Arbeitsplatz in einem tollen Team, sowie auf eine leistungsgerechte Verg\u00fctung. Bei der Verwirklichung Ihrer beruflichen Ziele unterst\u00fctzen wir Sie gerne.[\/vc_column_text][\/vc_column][vc_column column_width_percent=&#8220;100&#8243; gutter_size=&#8220;3&#8243; overlay_alpha=&#8220;50&#8243; shift_x=&#8220;0&#8243; shift_y=&#8220;0&#8243; z_index=&#8220;0&#8243; medium_width=&#8220;3&#8243; zoom_width=&#8220;0&#8243; zoom_height=&#8220;0&#8243; width=&#8220;1\/2&#8243;][vc_column_text uncode_shortcode_id=&#8220;199404&#8243;]<\/p>\n<h3>AUSBILDUNGSBERUFE (M\/W\/D)<\/h3>\n<h4>Unsere Erwartungen<\/h4>\n<p>Sie haben einen guten Realschulabschluss im kaufm\u00e4nnischen Bereich. Sie haben ggf. bereits erste Eindr\u00fccke in unserem Beruf gesammelt und eine klare Vorstellung von unserem Berufsbild. Die Herausforderung der Ausbildung zum Steuerfachgehilfen nehmen Sie gerne durch Ehrgeiz und Lernbereitschaft an<\/p>\n<h4>Sie k\u00f6nnen sich freuen<\/h4>\n<p>auf ein fundierte Ausbildung und einem modernen Umfeld. Wir und die Kollegen unterst\u00fctzen Sie aktiv bei diesem Vorhaben, sich zu entwickeln und in einem interessanten Beruf Fu\u00df zu fassen. Beenden Sie die Ausbildung mit \u00fcberdurchschnittlichen Erfolg, freuen wir uns auf eine langfristige Zusammenarbeit mit den entsprechenden Unterst\u00fctzungen bei Ihrer Karriere.[\/vc_column_text][\/vc_column][\/vc_row][vc_row][vc_column width=&#8220;1\/1&#8243;][vc_column_text]Wir freuen uns auf Ihre Bewerbung:<br \/>\n<a href=\"mailto:bewerbung@steuerkanzlei-spring.de\" target=\"_blank\" rel=\"noopener noreferrer\">bewerbung@steuerkanzlei-spring.de<\/a>[\/vc_column_text][\/vc_column][\/vc_row]<\/p>\n<\/div>","protected":false},"excerpt":{"rendered":"<p>[vc_row row_height_percent=&#8220;20&#8243; override_padding=&#8220;yes&#8220; h_padding=&#8220;2&#8243; top_padding=&#8220;3&#8243; bottom_padding=&#8220;3&#8243; overlay_alpha=&#8220;50&#8243; equal_height=&#8220;yes&#8220; gutter_size=&#8220;3&#8243; border_color=&#8220;color-gyho&#8220; border_style=&#8220;solid&#8220; shift_y=&#8220;0&#8243; css=&#8220;.vc_custom_1489497875399{border-bottom-width: 1px !important;}&#8220;][vc_column column_width_percent=&#8220;100&#8243; position_horizontal=&#8220;left&#8220; gutter_size=&#8220;3&#8243; overlay_alpha=&#8220;50&#8243; shift_x=&#8220;0&#8243; [&hellip;]<\/p>\n","protected":false},"author":1,"featured_media":54695,"parent":0,"menu_order":0,"comment_status":"closed","ping_status":"closed","template":"","meta":{"footnotes":""},"class_list":["post-54849","page","type-page","status-publish","has-post-thumbnail","hentry","page_category-classic","page_category-top-menu"],"_links":{"self":[{"href":"https:\/\/www.steuerkanzlei-spring.com\/17\/wp-json\/wp\/v2\/pages\/54849","targetHints":{"allow":["GET"]}}],"collection":[{"href":"https:\/\/www.steuerkanzlei-spring.com\/17\/wp-json\/wp\/v2\/pages"}],"about":[{"href":"https:\/\/www.steuerkanzlei-spring.com\/17\/wp-json\/wp\/v2\/types\/page"}],"author":[{"embeddable":true,"href":"https:\/\/www.steuerkanzlei-spring.com\/17\/wp-json\/wp\/v2\/users\/1"}],"replies":[{"embeddable":true,"href":"https:\/\/www.steuerkanzlei-spring.com\/17\/wp-json\/wp\/v2\/comments?post=54849"}],"version-history":[{"count":11,"href":"https:\/\/www.steuerkanzlei-spring.com\/17\/wp-json\/wp\/v2\/pages\/54849\/revisions"}],"predecessor-version":[{"id":55138,"href":"https:\/\/www.steuerkanzlei-spring.com\/17\/wp-json\/wp\/v2\/pages\/54849\/revisions\/55138"}],"wp:featuredmedia":[{"embeddable":true,"href":"https:\/\/www.steuerkanzlei-spring.com\/17\/wp-json\/wp\/v2\/media\/54695"}],"wp:attachment":[{"href":"https:\/\/www.steuerkanzlei-spring.com\/17\/wp-json\/wp\/v2\/media?parent=54849"}],"curies":[{"name":"wp","href":"https:\/\/api.w.org\/{rel}","templated":true}]}}