{"id":54796,"date":"2017-03-21T09:52:00","date_gmt":"2017-03-21T08:52:00","guid":{"rendered":"http:\/\/www.steuerkanzlei-spring.com\/17\/?page_id=54796"},"modified":"2018-06-05T15:12:20","modified_gmt":"2018-06-05T13:12:20","slug":"impressum","status":"publish","type":"page","link":"https:\/\/www.steuerkanzlei-spring.com\/17\/impressum\/","title":{"rendered":"Impressum"},"content":{"rendered":"<div class=\"wpb-content-wrapper\"><p>[vc_row row_height_percent=&#8220;20&#8243; override_padding=&#8220;yes&#8220; h_padding=&#8220;2&#8243; top_padding=&#8220;3&#8243; bottom_padding=&#8220;3&#8243; overlay_alpha=&#8220;50&#8243; equal_height=&#8220;yes&#8220; gutter_size=&#8220;3&#8243; border_color=&#8220;color-gyho&#8220; border_style=&#8220;solid&#8220; shift_y=&#8220;0&#8243; css=&#8220;.vc_custom_1489497875399{border-bottom-width: 1px !important;}&#8220;][vc_column column_width_percent=&#8220;100&#8243; position_horizontal=&#8220;left&#8220; overlay_alpha=&#8220;50&#8243; gutter_size=&#8220;3&#8243; medium_width=&#8220;3&#8243; shift_x=&#8220;0&#8243; shift_y=&#8220;0&#8243; z_index=&#8220;0&#8243; zoom_width=&#8220;0&#8243; zoom_height=&#8220;0&#8243; width=&#8220;1\/3&#8243;][vc_column_text]<\/p>\n<div class=\"ft\">\n<h4>Steuerkanzlei Spring<\/h4>\n<p>Friedberger Stra\u00dfe 135<br \/>\n86163 Augsburg<\/p>\n<p>Tel. 0821\/262887-0<br \/>\nFax 0821\/262887-31<br \/>\nE-Mail: <a href=\"mailto:info@steuerkanzlei-spring.de\" target=\"_blank\" rel=\"noopener noreferrer\">info@steuerkanzlei-spring.de<\/a><\/p>\n<\/div>\n<p>[\/vc_column_text][\/vc_column][vc_column column_width_percent=&#8220;100&#8243; overlay_alpha=&#8220;50&#8243; gutter_size=&#8220;3&#8243; medium_width=&#8220;3&#8243; shift_x=&#8220;0&#8243; shift_y=&#8220;0&#8243; z_index=&#8220;0&#8243; zoom_width=&#8220;0&#8243; zoom_height=&#8220;0&#8243; width=&#8220;1\/3&#8243;][vc_column_text]<\/p>\n<h4>Gesellschafter<\/h4>\n<p><strong>Hans Werner Spring<\/strong><br \/>\nSteuerberater<\/p>\n<p><strong>Achim Spring<\/strong><br \/>\nSteuerberater<\/p>\n<p><strong>Wolfgang Spring<\/strong><br \/>\nDiplom-Betriebswirt (FH), Steuerberater, Wirtschaftspr\u00fcfer<\/p>\n<p><strong>Melanie Spring<\/strong><br \/>\nSteuerberaterin*<br \/>\n<span style=\"font-size: 8pt;\">*) Fachberaterin f\u00fcr Unternehmensnachfolge (DSTV e.V.)<\/span>[\/vc_column_text][\/vc_column][vc_column column_width_percent=&#8220;100&#8243; overlay_alpha=&#8220;50&#8243; gutter_size=&#8220;3&#8243; medium_width=&#8220;3&#8243; shift_x=&#8220;0&#8243; shift_y=&#8220;0&#8243; z_index=&#8220;0&#8243; zoom_width=&#8220;0&#8243; zoom_height=&#8220;0&#8243; width=&#8220;1\/3&#8243;][vc_column_text]<\/p>\n<h4>Umsatzsteuer-Identifikationsnummer<\/h4>\n<p>DE 155047965[\/vc_column_text][\/vc_column][\/vc_row][vc_row][vc_column width=&#8220;1\/1&#8243;][vc_column_text]<strong>Angaben gem\u00e4\u00df \u00a7 5 Abs. 1 Telemediengesetz (TMG)<\/strong><\/p>\n<p>Die bei der Steuerkanzlei Spring GbR (nachfolgend auch \u201eGesellschaft\u201c) t\u00e4tigen Steuerberater (in Deutschland verliehene Berufsbezeichnungen) unterliegen den jeweiligen berufsrechtlichen Regeln.<\/p>\n<p><strong>1. Zust\u00e4ndige Kammern und Aufsichtsbeh\u00f6rden<\/strong><\/p>\n<p>Die in der Gesellschaft t\u00e4tigen Partner und Mitarbeiter sind \u2013 soweit sie die Berufsbezeichnung Wirtschaftspr\u00fcfer tragen \u2013 Mitglieder der folgenden Wirtschaftspr\u00fcferkammer, die als Aufsichtsbeh\u00f6rde f\u00fcr sie zust\u00e4ndig ist:<\/p>\n<p>Wirtschaftspr\u00fcferkammer<br \/>\nRauchstra\u00dfe 26<br \/>\n10787 Berlin<br \/>\nTel.: + 49 30 726161-0<br \/>\nFax: + 49 30 726161-212<br \/>\nwww.wpk.de<\/p>\n<p>Die in der Gesellschaft t\u00e4tigen Partner und Mitarbeiter sind \u2013 soweit sie die Berufsbezeichnung Steuerberater tragen \u2013 Mitglieder der folgenden Steuerberaterkammer, die als Aufsichtsbeh\u00f6rde f\u00fcr sie zust\u00e4ndig ist:<\/p>\n<p>Steuerberaterkammer M\u00fcnchen<br \/>\nNederlinger Stra\u00dfe 9<br \/>\n80638 M\u00fcnchen<br \/>\nTel.: + 49 89 157902-0<br \/>\nFax: + 49 89 157902-19<br \/>\nwww.stbk-muc.de<\/p>\n<p><strong>2. Berufsrechtliche Regelungen<\/strong><\/p>\n<p>Steuerberater:<\/p>\n<p>* StBerG \u2013 Steuerberatungsgesetz<br \/>\n* BoStB \u2013 Satzung \u00fcber die Rechte und Pflichten bei der Aus\u00fcbung der Berufe der Steuerberater und der Steuerbevollm\u00e4chtigten<br \/>\n* StBGebV \u2013 Geb\u00fchrenverordnung f\u00fcr Steuerberater, Steuerbevollm\u00e4chtigte und Steuerberatungsgesellschaften<br \/>\n* DVStB \u2013 Verordnung zur Durchf\u00fchrung der Vorschriften \u00fcber Steuerberater, Steuerbevollm\u00e4chtigte und Steuerberatungsgesellschaften<\/p>\n<p>Die jeweils geltenden Fassungen der vorstehenden Regelungen und weitere Hinweise hierzu k\u00f6nnen auf der Homepage der Wirtschaftspr\u00fcferkammer unter www.wpk.de bzw. auf der Homepage der Bundessteuerberaterkammer unter www.bstbk.de abgerufen werden.<\/p>\n<p><strong>3. Pflichtangaben nach DLInfoV<\/strong><\/p>\n<p>Die Berufshaftpflichtversicherung besteht bei der ERGO Group AG. Der r\u00e4umliche Geltungsbereich des Versicherungsschutzes umfasst T\u00e4tigkeiten in den Mitgliedsl\u00e4ndern der Europ\u00e4ischen Union und gen\u00fcgt so mindestens den Anforderungen des \u00a7 67 Steuerberatungsgesetz (StBerG), \u00a7\u00a7 51 ff. Verordnung zur Durchf\u00fchrung der Vorschriften \u00fcber Steuerberater, Steuerbevollm\u00e4chtigte und Steuerberatungsgesellschaften (DvStB) sowie \u00a7 54 Wirtschaftspr\u00fcferordnung (WPO) in Verbindung mit der Verordnung \u00fcber die Berufshaftpflichtversicherung der Wirtschaftspr\u00fcfer und vereidigten Buchpr\u00fcfer (WPBHV).<\/p>\n<p>\u00d6ffentliches Verfahrensverzeichnis<\/p>\n<p>Nach \u00a7 4 g (2) Satz 2 BDSG (Bundesdatenschutzgesetz)<\/p>\n<p>Angaben zur verantwortlichen Stelle (\u00a7 4 e Satz 1 Nr. 1-3 BDSG)<\/p>\n<p>1. Name der verantwortlichen Stelle:<\/p>\n<p>Steuerkanzlei Spring GbR<\/p>\n<p>2. Leiter der verantwortlichen Stelle:<\/p>\n<p>\u2022 Hans- Werner Spring, Steuerberater<br \/>\n\u2022 Achim Springr, Steuerberater<br \/>\n\u2022 Diplom-Betriebswirt (FH) Wolfgang Spring, Wirtschaftspr\u00fcfer, Steuerberater<\/p>\n<p>3. Anschrift der verantwortlichen Stelle:<\/p>\n<p>Steuerkanzlei Spring GbR<br \/>\nFriedberger Stra\u00dfe 135<br \/>\n86163 Augsburg<br \/>\nTelefon 0821 262887-0<br \/>\nTelefax 0821 262887-31<\/p>\n<p>Angaben zu den Verfahren automatisierter Verarbeitung (\u00a7 4 e Satz 1 Nr. 4-8 BDSG)<\/p>\n<p><strong>4. Zweckbestimmung der Datenerhebung, -verarbeitung oder -nutzung<\/strong><\/p>\n<p>Steuerberatende und\/oder wirtschaftspr\u00fcfende T\u00e4tigkeiten mit Erhebung, Verarbeitung, Nutzung und ggf. \u00dcbermittlung von personenbezogenen Daten zum Zweck der Erstellung von Finanzbuchhaltungen, Lohn- und Gehaltsbuchhaltungen, Jahresabschl\u00fcssen, Steuererkl\u00e4rungen, Teilnahme an \/ Beratung im Zusammenhang mit Betriebspr\u00fcfungen, Beratung in steuerlichen und wirtschafltichen Angelegenheiten, Jahresabschlusspr\u00fcfugen, Personalverwaltung: Datenerhebung, &#8211; verarbeitung, &#8211; nutzung und ggf. -\u00fcbermittlung zu eigenen Zwecken und zur Erf\u00fcllung gesetzlicher und sozialversicherungsrechlticher Verpflichtungen.<\/p>\n<p><strong>5. Beschreibung der betroffenen Personengruppen und der diesbezgl. Daten oder Datenkategorien<\/strong><\/p>\n<p>* Mandantenverwaltungsverfahren:<br \/>\nz. B. Ansprechpartner, Adress-, Vertrags-, Zahlungs-, Steuerungsdaten<br \/>\n* Personalverwaltungsverfahren:<br \/>\nz. B. Planungs-, Vertragsstamm- und -abrechnungsdaten von z.B. Bewerbern \/ Mitarbeitern \/ Rentner \/ m\u00f6glichen Anspruchsberechtigten<br \/>\n* Lieferantenverwaltungsverfahren:<br \/>\nz. B. Vertragsstamm- und \u2013abrechnungsdaten<br \/>\n* Interessentenbetreuungsverfahren:<br \/>\nAdressdaten, Produktinteresse<\/p>\n<p><strong>6. Empf\u00e4nger oder Kategorien von Empf\u00e4ngern, denen die Daten mitgeteilt werden k\u00f6nnen<\/strong><\/p>\n<p>Intern zust\u00e4ndige Sachbearbeiter sowie externes Datenverarbeitungszentrum (z. B. DATEV), Finanzbeh\u00f6rden, Gemeinden, Kreditinstitute, Personalabteilung und Buchhaltung der Arbeitgeber, Sozailversicherungstr\u00e4ger<\/p>\n<p><strong>7. Regelfristen f\u00fcr die L\u00f6schung der Daten<\/strong><\/p>\n<p>Die L\u00f6schung der Daten erfolgt nach Ablauf der gesetzlichen, satzungsm\u00e4\u00dfigen oder vertraglichen Aufbewahrungsfristen. Sofern Daten hiervon nicht betroffen sind, werden sie gel\u00f6scht, wenn die unter Nr. 4 genannten Zwecke entfallen.<\/p>\n<p><strong>8. Geplante Daten\u00fcbermittlung in Drittstaaten<\/strong><\/p>\n<p>Eine \u00dcbermittlung personenbezogener Daten in Drittstaaten ist nicht geplant und kann ausgeschlossen werden<\/p>\n<p><strong>9. Information nach dem Verbraucherstreitbeilegungsgesetz<\/strong><\/p>\n<p>Es besteht keine Verpflichtung und keine Bereitschaft zur Teilnahme an einem Streitbeilegungsverfahren vor einer Verbraucherschlichtungsstelle.<\/p>\n<div class=\"section\"><\/div>\n<p>[\/vc_column_text][\/vc_column][\/vc_row]<\/p>\n<\/div>","protected":false},"excerpt":{"rendered":"<p>[vc_row row_height_percent=&#8220;20&#8243; override_padding=&#8220;yes&#8220; h_padding=&#8220;2&#8243; top_padding=&#8220;3&#8243; bottom_padding=&#8220;3&#8243; overlay_alpha=&#8220;50&#8243; equal_height=&#8220;yes&#8220; gutter_size=&#8220;3&#8243; border_color=&#8220;color-gyho&#8220; border_style=&#8220;solid&#8220; shift_y=&#8220;0&#8243; css=&#8220;.vc_custom_1489497875399{border-bottom-width: 1px !important;}&#8220;][vc_column column_width_percent=&#8220;100&#8243; position_horizontal=&#8220;left&#8220; overlay_alpha=&#8220;50&#8243; gutter_size=&#8220;3&#8243; medium_width=&#8220;3&#8243; [&hellip;]<\/p>\n","protected":false},"author":1,"featured_media":54695,"parent":0,"menu_order":0,"comment_status":"open","ping_status":"closed","template":"","meta":{"footnotes":""},"class_list":["post-54796","page","type-page","status-publish","has-post-thumbnail","hentry","page_category-classic","page_category-top-menu"],"_links":{"self":[{"href":"https:\/\/www.steuerkanzlei-spring.com\/17\/wp-json\/wp\/v2\/pages\/54796","targetHints":{"allow":["GET"]}}],"collection":[{"href":"https:\/\/www.steuerkanzlei-spring.com\/17\/wp-json\/wp\/v2\/pages"}],"about":[{"href":"https:\/\/www.steuerkanzlei-spring.com\/17\/wp-json\/wp\/v2\/types\/page"}],"author":[{"embeddable":true,"href":"https:\/\/www.steuerkanzlei-spring.com\/17\/wp-json\/wp\/v2\/users\/1"}],"replies":[{"embeddable":true,"href":"https:\/\/www.steuerkanzlei-spring.com\/17\/wp-json\/wp\/v2\/comments?post=54796"}],"version-history":[{"count":6,"href":"https:\/\/www.steuerkanzlei-spring.com\/17\/wp-json\/wp\/v2\/pages\/54796\/revisions"}],"predecessor-version":[{"id":54936,"href":"https:\/\/www.steuerkanzlei-spring.com\/17\/wp-json\/wp\/v2\/pages\/54796\/revisions\/54936"}],"wp:featuredmedia":[{"embeddable":true,"href":"https:\/\/www.steuerkanzlei-spring.com\/17\/wp-json\/wp\/v2\/media\/54695"}],"wp:attachment":[{"href":"https:\/\/www.steuerkanzlei-spring.com\/17\/wp-json\/wp\/v2\/media?parent=54796"}],"curies":[{"name":"wp","href":"https:\/\/api.w.org\/{rel}","templated":true}]}}