{"id":54792,"date":"2017-03-21T09:41:20","date_gmt":"2017-03-21T08:41:20","guid":{"rendered":"http:\/\/www.steuerkanzlei-spring.com\/17\/?page_id=54792"},"modified":"2017-05-08T11:11:40","modified_gmt":"2017-05-08T09:11:40","slug":"leistungen","status":"publish","type":"page","link":"https:\/\/www.steuerkanzlei-spring.com\/17\/leistungen\/","title":{"rendered":"Leistungen"},"content":{"rendered":"<div class=\"wpb-content-wrapper\"><p>[vc_row row_height_percent=&#8220;20&#8243; override_padding=&#8220;yes&#8220; h_padding=&#8220;2&#8243; top_padding=&#8220;3&#8243; bottom_padding=&#8220;3&#8243; overlay_alpha=&#8220;50&#8243; equal_height=&#8220;yes&#8220; gutter_size=&#8220;3&#8243; border_color=&#8220;color-gyho&#8220; border_style=&#8220;solid&#8220; shift_y=&#8220;0&#8243; css=&#8220;.vc_custom_1489497875399{border-bottom-width: 1px !important;}&#8220;][vc_column column_width_percent=&#8220;100&#8243; position_horizontal=&#8220;left&#8220; overlay_alpha=&#8220;50&#8243; gutter_size=&#8220;3&#8243; medium_width=&#8220;3&#8243; shift_x=&#8220;0&#8243; shift_y=&#8220;0&#8243; z_index=&#8220;0&#8243; zoom_width=&#8220;0&#8243; zoom_height=&#8220;0&#8243; width=&#8220;1\/4&#8243;][vc_column_text]<\/p>\n<h4>Ihr Weg in die Selbst\u00e4ndikeit<\/h4>\n<p>Start in die eigene Firma &#8211; Unternehmensgr\u00fcndung<br \/>\n(Existenzgr\u00fcndung\u2026 Zuschussantrag beim Arbeitsamt \u2026 steuerliche Erfassung \u2026 Finanzierung \u2026)[\/vc_column_text][\/vc_column][vc_column column_width_percent=&#8220;100&#8243; overlay_alpha=&#8220;50&#8243; gutter_size=&#8220;3&#8243; medium_width=&#8220;3&#8243; shift_x=&#8220;0&#8243; shift_y=&#8220;0&#8243; z_index=&#8220;0&#8243; zoom_width=&#8220;0&#8243; zoom_height=&#8220;0&#8243; width=&#8220;1\/4&#8243;][vc_column_text]<\/p>\n<h4>Unterst\u00fctzung im t\u00e4glichen Gesch\u00e4ft<\/h4>\n<ul>\n<li>Finanzbuchf\u00fchrung (w\u00f6chentlich bis j\u00e4hrlich, digitales Belegbuchen, optimierte Abl\u00e4ufe)<\/li>\n<li>zeitnahe Auswertungen: offene Posten, betriebswirtschaftliche Auswertung<\/li>\n<li>Zahlungsverkehr + Mahnwesen<\/li>\n<li>Hilfe bei der Rechnungstellung<\/li>\n<\/ul>\n<p>[\/vc_column_text][\/vc_column][vc_column column_width_percent=&#8220;100&#8243; overlay_alpha=&#8220;50&#8243; gutter_size=&#8220;3&#8243; medium_width=&#8220;3&#8243; shift_x=&#8220;0&#8243; shift_y=&#8220;0&#8243; z_index=&#8220;0&#8243; zoom_width=&#8220;0&#8243; zoom_height=&#8220;0&#8243; width=&#8220;1\/4&#8243;][vc_column_text]<\/p>\n<h4>Jahresabschluss<\/h4>\n<ul>\n<li>Jahresabschlusserstellung aller Rechtsformen<\/li>\n<li>Offenlegung von Kapitalgesellschaften beim Bundesanzeiger<\/li>\n<li>Einnahmen-\u00dcberschuss-Rechnung<\/li>\n<li>Jahresabschl\u00fcsse f\u00fcr &#8222;Selbstbucher&#8220;<\/li>\n<\/ul>\n<p>[\/vc_column_text][\/vc_column][vc_column width=&#8220;1\/4&#8243;][vc_column_text]<\/p>\n<h4>Steuern im privaten Bereich<\/h4>\n<ul>\n<li>Einkommensteuererkl\u00e4rungen<\/li>\n<li>Erbschaft- und Schenkungsteuererkl\u00e4rungen<\/li>\n<\/ul>\n<p>[\/vc_column_text][vc_column_text]<\/p>\n<h4>Betriebspr\u00fcfung<\/h4>\n<ul>\n<li>Sozialversicherungspr\u00fcfung<\/li>\n<li>Betriebspr\u00fcfung<\/li>\n<li>Sonderpr\u00fcfungen<\/li>\n<li>Aufbereitung der Unterlagen f\u00fcr die Pr\u00fcfung, Betreuung w\u00e4hrend der Pr\u00fcfung<\/li>\n<\/ul>\n<p>[\/vc_column_text][\/vc_column][\/vc_row]<\/p>\n<\/div>","protected":false},"excerpt":{"rendered":"<p>[vc_row row_height_percent=&#8220;20&#8243; override_padding=&#8220;yes&#8220; h_padding=&#8220;2&#8243; top_padding=&#8220;3&#8243; bottom_padding=&#8220;3&#8243; overlay_alpha=&#8220;50&#8243; equal_height=&#8220;yes&#8220; gutter_size=&#8220;3&#8243; border_color=&#8220;color-gyho&#8220; border_style=&#8220;solid&#8220; shift_y=&#8220;0&#8243; css=&#8220;.vc_custom_1489497875399{border-bottom-width: 1px !important;}&#8220;][vc_column column_width_percent=&#8220;100&#8243; position_horizontal=&#8220;left&#8220; overlay_alpha=&#8220;50&#8243; gutter_size=&#8220;3&#8243; medium_width=&#8220;3&#8243; [&hellip;]<\/p>\n","protected":false},"author":1,"featured_media":54861,"parent":0,"menu_order":0,"comment_status":"open","ping_status":"closed","template":"","meta":{"footnotes":""},"class_list":["post-54792","page","type-page","status-publish","has-post-thumbnail","hentry","page_category-classic","page_category-top-menu"],"_links":{"self":[{"href":"https:\/\/www.steuerkanzlei-spring.com\/17\/wp-json\/wp\/v2\/pages\/54792","targetHints":{"allow":["GET"]}}],"collection":[{"href":"https:\/\/www.steuerkanzlei-spring.com\/17\/wp-json\/wp\/v2\/pages"}],"about":[{"href":"https:\/\/www.steuerkanzlei-spring.com\/17\/wp-json\/wp\/v2\/types\/page"}],"author":[{"embeddable":true,"href":"https:\/\/www.steuerkanzlei-spring.com\/17\/wp-json\/wp\/v2\/users\/1"}],"replies":[{"embeddable":true,"href":"https:\/\/www.steuerkanzlei-spring.com\/17\/wp-json\/wp\/v2\/comments?post=54792"}],"version-history":[{"count":3,"href":"https:\/\/www.steuerkanzlei-spring.com\/17\/wp-json\/wp\/v2\/pages\/54792\/revisions"}],"predecessor-version":[{"id":54874,"href":"https:\/\/www.steuerkanzlei-spring.com\/17\/wp-json\/wp\/v2\/pages\/54792\/revisions\/54874"}],"wp:featuredmedia":[{"embeddable":true,"href":"https:\/\/www.steuerkanzlei-spring.com\/17\/wp-json\/wp\/v2\/media\/54861"}],"wp:attachment":[{"href":"https:\/\/www.steuerkanzlei-spring.com\/17\/wp-json\/wp\/v2\/media?parent=54792"}],"curies":[{"name":"wp","href":"https:\/\/api.w.org\/{rel}","templated":true}]}}