{"id":19884,"date":"2015-05-28T11:30:14","date_gmt":"2015-05-28T09:30:14","guid":{"rendered":"http:\/\/www.undsgn.com\/uncode\/?page_id=19884"},"modified":"2026-03-25T12:47:30","modified_gmt":"2026-03-25T11:47:30","slug":"homepage","status":"publish","type":"page","link":"https:\/\/www.steuerkanzlei-spring.com\/17\/","title":{"rendered":"Homepage"},"content":{"rendered":"<div class=\"wpb-content-wrapper\"><p>[vc_row row_height_percent=&#8220;10&#8243; override_padding=&#8220;yes&#8220; h_padding=&#8220;0&#8243; top_padding=&#8220;2&#8243; bottom_padding=&#8220;2&#8243; back_color=&#8220;color-lxmt&#8220; overlay_alpha=&#8220;75&#8243; gutter_size=&#8220;1&#8243; column_width_percent=&#8220;100&#8243; border_style=&#8220;solid&#8220; shift_y=&#8220;0&#8243; z_index=&#8220;0&#8243; content_parallax=&#8220;0&#8243; css=&#8220;.vc_custom_1774438906769{border-bottom-width: 5px !important;padding-bottom: 5px !important;}&#8220; uncode_shortcode_id=&#8220;843764&#8243; back_color_type=&#8220;uncode-palette&#8220;][vc_column column_width_percent=&#8220;100&#8243; position_horizontal=&#8220;left&#8220; position_vertical=&#8220;middle&#8220; gutter_size=&#8220;3&#8243; overlay_alpha=&#8220;50&#8243; shift_x=&#8220;0&#8243; shift_y=&#8220;0&#8243; z_index=&#8220;0&#8243; medium_width=&#8220;3&#8243; zoom_width=&#8220;0&#8243; zoom_height=&#8220;0&#8243; width=&#8220;1\/4&#8243; css=&#8220;.vc_custom_1558425303518{padding-left: 10px !important;}&#8220;][vc_single_image media=&#8220;55151&#8243; media_width_use_pixel=&#8220;yes&#8220; media_width_pixel=&#8220;160&#8243; uncode_shortcode_id=&#8220;197900&#8243;][\/vc_column][vc_column column_width_percent=&#8220;100&#8243; position_vertical=&#8220;middle&#8220; gutter_size=&#8220;3&#8243; overlay_alpha=&#8220;50&#8243; shift_x=&#8220;0&#8243; shift_y=&#8220;0&#8243; z_index=&#8220;0&#8243; medium_width=&#8220;3&#8243; zoom_width=&#8220;0&#8243; zoom_height=&#8220;0&#8243; width=&#8220;3\/4&#8243; css=&#8220;.vc_custom_1558425573938{padding-right: 40px !important;padding-left: 40px !important;}&#8220;][vc_column_text text_lead=&#8220;yes&#8220; uncode_shortcode_id=&#8220;493492&#8243;]<span style=\"color: #002466;\">Die Steuerkanzlei Spring arbeitet nachweislich digital &#8211; deshalb haben wir das Label &#8222;<span style=\"text-decoration: underline;\">Digitale DATEV-Kanzlei 2026<\/span>&#8220; verliehen bekommen. Grundlage f\u00fcr dieses Label ist unsere Teilnahme am DATEV Digitalisierungs-Cockpit. Profitieren auch Sie von unsere digitalen Arbeitsweise! Gerne informieren wir Sie dar\u00fcber unter 0821\/262887-0.<br \/>\n<\/span>[\/vc_column_text][\/vc_column][\/vc_row][vc_row row_height_percent=&#8220;20&#8243; override_padding=&#8220;yes&#8220; h_padding=&#8220;2&#8243; top_padding=&#8220;3&#8243; bottom_padding=&#8220;3&#8243; overlay_alpha=&#8220;50&#8243; gutter_size=&#8220;3&#8243; border_color=&#8220;color-gyho&#8220; border_style=&#8220;solid&#8220; shift_y=&#8220;0&#8243; css=&#8220;.vc_custom_1558426262938{border-bottom-width: 1px !important;}&#8220;][vc_column column_width_percent=&#8220;100&#8243; position_horizontal=&#8220;left&#8220; position_vertical=&#8220;middle&#8220; align_horizontal=&#8220;align_center&#8220; gutter_size=&#8220;3&#8243; overlay_alpha=&#8220;50&#8243; shift_x=&#8220;0&#8243; shift_y=&#8220;0&#8243; shift_y_down=&#8220;0&#8243; z_index=&#8220;0&#8243; medium_width=&#8220;3&#8243; mobile_width=&#8220;0&#8243; zoom_width=&#8220;0&#8243; zoom_height=&#8220;0&#8243; width=&#8220;1\/3&#8243; uncode_shortcode_id=&#8220;166426&#8243;][vc_column_text uncode_shortcode_id=&#8220;143404&#8243;]<\/p>\n<h1>\u00dcber uns<\/h1>\n<p>Seit \u00fcber 50 Jahren und in der 3. Generation haben wir unsere Kanzlei stets erweitert. Auch unsere Mandanten betreuen wir teilweise \u00fcber 20 Jahre.[\/vc_column_text][vc_button button_color=&#8220;color-151683&#8243; size=&#8220;btn-sm&#8220; outline=&#8220;yes&#8220; display=&#8220;inline&#8220; top_margin=&#8220;yes&#8220; link=&#8220;url:http%3A%2F%2Fwww.steuerkanzlei-spring.com%2F17%2Fueber-uns%2F|||&#8220;]mehr[\/vc_button][\/vc_column][vc_column column_width_percent=&#8220;100&#8243; position_vertical=&#8220;middle&#8220; align_horizontal=&#8220;align_center&#8220; gutter_size=&#8220;3&#8243; overlay_alpha=&#8220;50&#8243; shift_x=&#8220;0&#8243; shift_y=&#8220;0&#8243; shift_y_down=&#8220;0&#8243; z_index=&#8220;0&#8243; medium_width=&#8220;3&#8243; mobile_width=&#8220;0&#8243; zoom_width=&#8220;0&#8243; zoom_height=&#8220;0&#8243; width=&#8220;1\/3&#8243; uncode_shortcode_id=&#8220;594355&#8243;][vc_column_text uncode_shortcode_id=&#8220;190868&#8243;]<\/p>\n<h1>Team<\/h1>\n<p>Unser kompetentes Team besteht aus Fachkr\u00e4ften aus den Bereichen Steuerrecht, Bilanzbuchhaltung, L\u00f6hne, etc. Sehen Sie hier unsere Kompetenzen im Detail.[\/vc_column_text][vc_button button_color=&#8220;color-151683&#8243; size=&#8220;btn-sm&#8220; outline=&#8220;yes&#8220; display=&#8220;inline&#8220; top_margin=&#8220;yes&#8220; link=&#8220;url:http%3A%2F%2Fwww.steuerkanzlei-spring.com%2F17%2Fteam%2F|||&#8220;]mehr[\/vc_button][\/vc_column][vc_column column_width_percent=&#8220;100&#8243; position_vertical=&#8220;middle&#8220; align_horizontal=&#8220;align_center&#8220; gutter_size=&#8220;3&#8243; overlay_alpha=&#8220;50&#8243; shift_x=&#8220;0&#8243; shift_y=&#8220;0&#8243; shift_y_down=&#8220;0&#8243; z_index=&#8220;0&#8243; medium_width=&#8220;3&#8243; mobile_width=&#8220;0&#8243; zoom_width=&#8220;0&#8243; zoom_height=&#8220;0&#8243; width=&#8220;1\/3&#8243; uncode_shortcode_id=&#8220;134241&#8243;][vc_column_text uncode_shortcode_id=&#8220;155530&#8243;]<\/p>\n<h1>Leistungen<\/h1>\n<p>Unsere Leistungen erstrecken sich von der Existenzgr\u00fcder-Beratung, Einkommenserkl\u00e4rungen \u00fcber Finanzbuchhaltung bis hin zur Betriebspr\u00fcfung.[\/vc_column_text][vc_button button_color=&#8220;color-151683&#8243; size=&#8220;btn-sm&#8220; outline=&#8220;yes&#8220; display=&#8220;inline&#8220; top_margin=&#8220;yes&#8220; link=&#8220;url:http%3A%2F%2Fwww.steuerkanzlei-spring.com%2F17%2Fleistungen%2F|||&#8220;]mehr[\/vc_button][\/vc_column][\/vc_row][vc_row row_height_percent=&#8220;20&#8243; override_padding=&#8220;yes&#8220; h_padding=&#8220;2&#8243; top_padding=&#8220;3&#8243; bottom_padding=&#8220;3&#8243; overlay_alpha=&#8220;50&#8243; equal_height=&#8220;yes&#8220; gutter_size=&#8220;3&#8243; border_color=&#8220;color-gyho&#8220; border_style=&#8220;solid&#8220; shift_y=&#8220;0&#8243; css=&#8220;.vc_custom_1489497875399{border-bottom-width: 1px !important;}&#8220;][vc_column column_width_percent=&#8220;100&#8243; position_horizontal=&#8220;left&#8220; gutter_size=&#8220;3&#8243; overlay_alpha=&#8220;50&#8243; shift_x=&#8220;0&#8243; shift_y=&#8220;0&#8243; z_index=&#8220;0&#8243; medium_width=&#8220;3&#8243; zoom_width=&#8220;0&#8243; zoom_height=&#8220;0&#8243; width=&#8220;1\/4&#8243;][vc_column_text]<\/p>\n<h4>Ihr Weg in die Selbst\u00e4ndikeit<\/h4>\n<p>Start in die eigene Firma &#8211; Unternehmensgr\u00fcndung<br \/>\n(Existenzgr\u00fcndung\u2026 Zuschussantrag beim Arbeitsamt \u2026 steuerliche Erfassung \u2026 Finanzierung \u2026)[\/vc_column_text][\/vc_column][vc_column column_width_percent=&#8220;100&#8243; gutter_size=&#8220;3&#8243; overlay_alpha=&#8220;50&#8243; shift_x=&#8220;0&#8243; shift_y=&#8220;0&#8243; z_index=&#8220;0&#8243; medium_width=&#8220;3&#8243; zoom_width=&#8220;0&#8243; zoom_height=&#8220;0&#8243; width=&#8220;1\/4&#8243;][vc_column_text]<\/p>\n<h4>Unterst\u00fctzung im t\u00e4glichen Gesch\u00e4ft<\/h4>\n<ul>\n<li>Finanzbuchf\u00fchrung (w\u00f6chentlich bis j\u00e4hrlich, digitales Belegbuchen,optimierte Abl\u00e4ufe)<\/li>\n<li>zeitnahe Auswertungen: offene Posten, betriebswirtschaftliche Auswertung<\/li>\n<li>Zahlungsverkehr + Mahnwesen<\/li>\n<li>Hilfe bei der Rechnungstellung<\/li>\n<\/ul>\n<p>[\/vc_column_text][\/vc_column][vc_column column_width_percent=&#8220;100&#8243; gutter_size=&#8220;3&#8243; overlay_alpha=&#8220;50&#8243; shift_x=&#8220;0&#8243; shift_y=&#8220;0&#8243; z_index=&#8220;0&#8243; medium_width=&#8220;3&#8243; zoom_width=&#8220;0&#8243; zoom_height=&#8220;0&#8243; width=&#8220;1\/4&#8243;][vc_column_text]<\/p>\n<h4>Jahresabschluss<\/h4>\n<ul>\n<li>Jahresabschlusserstellung aller Rechtsformen<\/li>\n<li>Offenlegung von Kapitalgesellschaften beim Bundesanzeiger<\/li>\n<li>Einnahmen-\u00dcberschuss-Rechnung<\/li>\n<li>Jahresabschl\u00fcsse f\u00fcr &#8222;Selbstbucher&#8220;<\/li>\n<\/ul>\n<p>[\/vc_column_text][\/vc_column][vc_column width=&#8220;1\/4&#8243;][vc_column_text]<\/p>\n<h4>Steuern im privaten Bereich<\/h4>\n<ul>\n<li>Einkommensteuererkl\u00e4rungen<\/li>\n<li>Erbschaft- und Schenkungsteuererkl\u00e4rungen<\/li>\n<\/ul>\n<p>[\/vc_column_text][vc_column_text]<\/p>\n<h4>Betriebspr\u00fcfung<\/h4>\n<ul>\n<li>Sozialversicherungspr\u00fcfung<\/li>\n<li>Betriebspr\u00fcfung<\/li>\n<li>Sonderpr\u00fcfungen<\/li>\n<li>Aufbereitung der Unterlagen f\u00fcr die Pr\u00fcfung, Betreuung w\u00e4hrend der Pr\u00fcfung<\/li>\n<\/ul>\n<p>[\/vc_column_text][\/vc_column][\/vc_row]<\/p>\n<\/div>","protected":false},"excerpt":{"rendered":"<p>[vc_row row_height_percent=&#8220;10&#8243; override_padding=&#8220;yes&#8220; h_padding=&#8220;0&#8243; top_padding=&#8220;2&#8243; bottom_padding=&#8220;2&#8243; back_color=&#8220;color-lxmt&#8220; overlay_alpha=&#8220;75&#8243; gutter_size=&#8220;1&#8243; column_width_percent=&#8220;100&#8243; border_style=&#8220;solid&#8220; shift_y=&#8220;0&#8243; z_index=&#8220;0&#8243; content_parallax=&#8220;0&#8243; css=&#8220;.vc_custom_1774438906769{border-bottom-width: 5px !important;padding-bottom: 5px !important;}&#8220; uncode_shortcode_id=&#8220;843764&#8243; [&hellip;]<\/p>\n","protected":false},"author":1,"featured_media":48135,"parent":0,"menu_order":0,"comment_status":"closed","ping_status":"closed","template":"","meta":{"footnotes":""},"class_list":["post-19884","page","type-page","status-publish","has-post-thumbnail","hentry","page_category-classic","page_category-top-menu"],"_links":{"self":[{"href":"https:\/\/www.steuerkanzlei-spring.com\/17\/wp-json\/wp\/v2\/pages\/19884","targetHints":{"allow":["GET"]}}],"collection":[{"href":"https:\/\/www.steuerkanzlei-spring.com\/17\/wp-json\/wp\/v2\/pages"}],"about":[{"href":"https:\/\/www.steuerkanzlei-spring.com\/17\/wp-json\/wp\/v2\/types\/page"}],"author":[{"embeddable":true,"href":"https:\/\/www.steuerkanzlei-spring.com\/17\/wp-json\/wp\/v2\/users\/1"}],"replies":[{"embeddable":true,"href":"https:\/\/www.steuerkanzlei-spring.com\/17\/wp-json\/wp\/v2\/comments?post=19884"}],"version-history":[{"count":70,"href":"https:\/\/www.steuerkanzlei-spring.com\/17\/wp-json\/wp\/v2\/pages\/19884\/revisions"}],"predecessor-version":[{"id":55157,"href":"https:\/\/www.steuerkanzlei-spring.com\/17\/wp-json\/wp\/v2\/pages\/19884\/revisions\/55157"}],"wp:featuredmedia":[{"embeddable":true,"href":"https:\/\/www.steuerkanzlei-spring.com\/17\/wp-json\/wp\/v2\/media\/48135"}],"wp:attachment":[{"href":"https:\/\/www.steuerkanzlei-spring.com\/17\/wp-json\/wp\/v2\/media?parent=19884"}],"curies":[{"name":"wp","href":"https:\/\/api.w.org\/{rel}","templated":true}]}}